{"id":140,"date":"2025-02-22T14:16:40","date_gmt":"2025-02-22T13:16:40","guid":{"rendered":"https:\/\/oracley.com\/?page_id=140"},"modified":"2025-03-20T16:14:01","modified_gmt":"2025-03-20T15:14:01","slug":"chiromancie","status":"publish","type":"page","link":"https:\/\/oracley.com\/index.php\/chiromancie\/","title":{"rendered":"Chiromancie"},"content":{"rendered":"<p class=\"myDescription\">\nVos mains r\u00e9v\u00e8lent bien plus que vous ne l\u2019imaginez ! Gr\u00e2ce \u00e0 notre test de chiromancie, explorez les lignes de votre main et d\u00e9couvrez ce qu\u2019elles disent sur votre personnalit\u00e9, votre avenir et votre destin\u00e9e. Amour, carri\u00e8re, sant\u00e9\u2026 chaque ligne et chaque mont ont une signification unique.\n\nCurieux(se) de savoir ce que votre main vous r\u00e9serve ? Laissez la chiromancie vous guider et percez les myst\u00e8res cach\u00e9s dans la paume de votre main !  \n<\/p>\n\n<div style=\"display:none\">\n\u5f53\u524d\u5269\u4f59\u79ef\u5206\uff1a \n<div id=\"mycred-buy-content140\" class=\"mycred-sell-this-wrapper mycred-sell-partial-content mycred-sell-visitor\" data-pid=\"140\"><div class=\"text-center\">\r\n<h3>Premium Content<\/h3>\r\nLogin to buy access to this content.\r\n\r\n<\/div><\/div>\n<\/div>\n\n<div class=\"myselect\">\n<h2>T\u00e9l\u00e9charger une image  <\/h2>\n<img decoding=\"async\" style=\"height:100px\" src=\"\/image\/img_67c0915e6244d.jpg\">\n<br>\n<span style=\"font-size:14px\">1.Format d\u2019image requis\uff08JPG\u3001PNG\uff09\n<br>\n2.Dimensions de l\u2019image\uff0850px &#8211; 4096px\uff09\n<br>\n3.Taille de l\u2019image inf\u00e9rieure \u00e0 4 Mo\n<\/span>\n<br>\n    <input type=\"file\" id=\"imageInput\" accept=\"image\/png, image\/jpeg\">\n<br>\n<br>\n<span class=\"mynotice\">Cette estimation consommera 1 de vos points.\n<br>\nVotre solde actuel : \n<span id=\"mycred_balance\"><\/span>\n<\/span>\n<br>\n    <button id=\"subtract-points-btn\" onclick=\"checkBalanceAndSend()\">T\u00e9l\u00e9verser<\/button>\n<\/div>\n\n<p id=\"status\"><\/p>\n<br>\n<p id=\"apiResponse\" style=\"display:none\"><\/p>\n<br>\n<p id=\"gptResponse\"><\/p>\n\n<script src=\"https:\/\/oracley.com\/wp-content\/themes\/twentytwentytwo\/js\/sendapi_sendgpt_mains.js\"><\/script><p><\/p>","protected":false},"excerpt":{"rendered":"<p>Vos mains r\u00e9v\u00e8lent bien plus que vous ne l\u2019imaginez ! Gr\u00e2ce \u00e0 notre test de chiromancie, explorez les lignes de votre main et d\u00e9couvrez ce qu\u2019elles disent sur votre personnalit\u00e9, votre avenir et votre destin\u00e9e. Amour, carri\u00e8re, sant\u00e9\u2026 chaque ligne et chaque mont ont une signification unique. Curieux(se) de savoir ce que votre main vous [&hellip;]<\/p>\n","protected":false},"author":1,"featured_media":0,"parent":0,"menu_order":0,"comment_status":"closed","ping_status":"closed","template":"","meta":{"footnotes":""},"class_list":["post-140","page","type-page","status-publish","hentry"],"_links":{"self":[{"href":"https:\/\/oracley.com\/index.php\/wp-json\/wp\/v2\/pages\/140","targetHints":{"allow":["GET"]}}],"collection":[{"href":"https:\/\/oracley.com\/index.php\/wp-json\/wp\/v2\/pages"}],"about":[{"href":"https:\/\/oracley.com\/index.php\/wp-json\/wp\/v2\/types\/page"}],"author":[{"embeddable":true,"href":"https:\/\/oracley.com\/index.php\/wp-json\/wp\/v2\/users\/1"}],"replies":[{"embeddable":true,"href":"https:\/\/oracley.com\/index.php\/wp-json\/wp\/v2\/comments?post=140"}],"version-history":[{"count":17,"href":"https:\/\/oracley.com\/index.php\/wp-json\/wp\/v2\/pages\/140\/revisions"}],"predecessor-version":[{"id":388,"href":"https:\/\/oracley.com\/index.php\/wp-json\/wp\/v2\/pages\/140\/revisions\/388"}],"wp:attachment":[{"href":"https:\/\/oracley.com\/index.php\/wp-json\/wp\/v2\/media?parent=140"}],"curies":[{"name":"wp","href":"https:\/\/api.w.org\/{rel}","templated":true}]}}